{"id":234,"date":"2017-08-09T21:00:58","date_gmt":"2017-08-09T19:00:58","guid":{"rendered":"http:\/\/www.iwr.ro\/aplicanti\/"},"modified":"2018-03-22T18:42:45","modified_gmt":"2018-03-22T16:42:45","slug":"bewerber","status":"publish","type":"page","link":"https:\/\/www.iwr.ro\/de\/bewerber\/","title":{"rendered":"Bewerber"},"content":{"rendered":"<div class=\"wpb-content-wrapper\"><p>[vc_row][vc_column][vc_column_text]Suchen Sie nach einem Job? M\u00f6chten Sie einen besseren Job haben? Reichen sie Ihren Lebenslauf f\u00fcr die besten Jobs ein. IWR hilft Ihnen in der Suche nach einem besseren Job und wird demgem\u00e4ss zum Partner in der Entwicklung, die Sie sich f\u00fcr die Karriere w\u00fcnschen.<\/p>\n<p>IWR verf\u00fcgt \u00fcber Arbeitsangebote in den verschiedensten Aktivit\u00e4tsbereichen und selektiert st\u00e4ndig die tats\u00e4chlich attraktivsten Jobs auf dem nationalen und internationalen Arbeitsmarkt!<\/p>\n<p>Lassen Sie sich mit Hilfe von Fachm\u00e4nnern in einer vertraulichen Umgebung bef\u00f6rdern, indem Ihnen die angemessensten Angebote gew\u00e4hrleistet werden.<\/p>\n<p>IWR hilft Ihnen bei der Entdeckung Ihrer Interessenbereiche durch gemeinsame Festlegung der Ihnen anpassenden Berufe, liefert Ihnen Daten \u00fcber die Tendenzen des Arbeitsmarktes und legt Ihnen Karrierenangebote dar, die f\u00fcr Ihren Abschluss geeignet sind.<\/p>\n<p>Infolge Ihres eingereichten Lebenslaufs suchen unsere Berater einen Job f\u00fcr Sie, der Ihrem Interessenbereich geeignet ist. Um Ihre Verf\u00fcgbarkeit zu beweisen, werden Sie gebeten, die Antragsvoraussetzungen alle drei Monate zu \u00fcberpr\u00fcfen, sodass wir wissen, ob Sie noch in der Jobsuche Interesse haben. Der eingereichte Lebenslauf gelangt in unsere Datenbank und ist drei Monate lang g\u00fcltig, und erl\u00f6scht automatisch beim Fristablauf.[\/vc_column_text][\/vc_column][\/vc_row][vc_row][vc_column][vc_single_image image=&#8220;365&#8243; img_size=&#8220;full&#8220;][\/vc_column][\/vc_row][vc_row][vc_column][vc_column_text]<\/p>\n<h6 class=\"widget-title\">Hinweise zum Lebenslauf:<\/h6>\n<ul>\n<li>Benutzen Sie eine leicht leserliche Schriftgr\u00f6sse<\/li>\n<li>Im Idealfall sollte der Lebenslauf in Microsoft Word in folgender Schriftart (Times New Roman sau Arial) in Schriftgr\u00f6sse 11 und 12 geschrieben werden<\/li>\n<li>Der Lebenslauf soll auf einfacher Sprache formuliert werden und eine klare Struktur haben<\/li>\n<\/ul>\n<p>&nbsp;<\/p>\n<h6 class=\"widget-title\">Hinweise zum Motivationsschreiben:<\/h6>\n<ul>\n<li>Begr\u00fcnden sie, warum Sie f\u00fcr diesen Job geeignet sind<\/li>\n<li>Versuchen Sie sich inhaltlich auf die Begr\u00fcndung zu beschr\u00e4nken um den betreffenden Job zu bekommen<\/li>\n<li>Betonen Sie, womit Ihre Anwesenheit die Firma bereichert<\/li>\n<\/ul>\n<p>[\/vc_column_text][\/vc_column][\/vc_row][vc_row disable_element=&#8220;yes&#8220;][vc_column][vc_column_text]<\/p>\n<h6 class=\"widget-title\">M\u00f6chten Sie einen Job?<\/h6>\n<p>Wenn Sie in unserem Angebot keinen entsprechen Job gefunden haben, laden Sie Ihren Lebenslauf auf oder f\u00fcllen Sie den unteren Formular aus, schicken Sie ihn an uns und wir werden Sie bei zuk\u00fcnftigen Jobangeboten ber\u00fccksichtigen.[\/vc_column_text][\/vc_column][\/vc_row][vc_row disable_element=&#8220;yes&#8220; el_id=&#8220;trimite-cv&#8220;][vc_column]\n<div class=\"wpcf7 no-js\" id=\"wpcf7-f164-o1\" lang=\"ro-RO\" dir=\"ltr\" data-wpcf7-id=\"164\">\n<div class=\"screen-reader-response\"><p role=\"status\" aria-live=\"polite\" aria-atomic=\"true\"><\/p> <ul><\/ul><\/div>\n<form action=\"\/de\/wp-json\/wp\/v2\/pages\/234#wpcf7-f164-o1\" method=\"post\" class=\"wpcf7-form init\" aria-label=\"Formular de contact\" novalidate=\"novalidate\" data-status=\"init\">\n<fieldset class=\"hidden-fields-container\"><input type=\"hidden\" name=\"_wpcf7\" value=\"164\" \/><input type=\"hidden\" name=\"_wpcf7_version\" value=\"6.1.5\" \/><input type=\"hidden\" name=\"_wpcf7_locale\" value=\"ro_RO\" \/><input type=\"hidden\" name=\"_wpcf7_unit_tag\" value=\"wpcf7-f164-o1\" \/><input type=\"hidden\" name=\"_wpcf7_container_post\" value=\"0\" \/><input type=\"hidden\" name=\"_wpcf7_posted_data_hash\" value=\"\" \/><input type=\"hidden\" name=\"_wpcf7_recaptcha_response\" value=\"\" \/>\n<\/fieldset>\n<fieldset>\n\t<p><strong>1. Date personale\/ CV \/ Lebenslauf <\/strong>\n\t<\/p>\n\t<p><span class=\"wpcf7-form-control-wrap\" data-name=\"your-name\"><input size=\"40\" maxlength=\"400\" class=\"wpcf7-form-control wpcf7-text wpcf7-validates-as-required span12\" aria-required=\"true\" aria-invalid=\"false\" placeholder=\"Numele si prenumele \/ Name und Vorname \/ First name and Last name\" value=\"\" type=\"text\" name=\"your-name\" \/><\/span>\n\t<\/p>\n\t<p><span class=\"wpcf7-form-control-wrap\" data-name=\"nationalitate\"><input size=\"40\" maxlength=\"400\" class=\"wpcf7-form-control wpcf7-text wpcf7-validates-as-required span12\" aria-required=\"true\" aria-invalid=\"false\" placeholder=\"Nationalitate \/ Nationalit\u00e4t - Nationality\" value=\"\" type=\"text\" name=\"nationalitate\" \/><\/span>\n\t<\/p>\n\t<p><span class=\"wpcf7-form-control-wrap\" data-name=\"profesie\"><input size=\"40\" maxlength=\"400\" class=\"wpcf7-form-control wpcf7-text wpcf7-validates-as-required span12\" aria-required=\"true\" aria-invalid=\"false\" placeholder=\"Profesie \/ Beruf \/ Profession\" value=\"\" type=\"text\" name=\"profesie\" \/><\/span>\n\t<\/p>\n\t<p><span class=\"wpcf7-form-control-wrap\" data-name=\"data-nasterii\"><input size=\"40\" maxlength=\"400\" class=\"wpcf7-form-control wpcf7-text wpcf7-validates-as-required span12\" aria-required=\"true\" aria-invalid=\"false\" placeholder=\"Data nasterii \/ Gebutrsdatum \/ Date of birth\" value=\"\" type=\"text\" name=\"data-nasterii\" \/><\/span>\n\t<\/p>\n\t<p><span class=\"wpcf7-form-control-wrap\" data-name=\"sexul\"><span class=\"wpcf7-form-control wpcf7-checkbox wpcf7-validates-as-required wpcf7-exclusive-checkbox\"><span class=\"wpcf7-list-item first\"><input type=\"checkbox\" name=\"sexul\" value=\"Sexul Feminim\" \/><span class=\"wpcf7-list-item-label\">Sexul Feminim<\/span><\/span><span class=\"wpcf7-list-item last\"><input type=\"checkbox\" name=\"sexul\" value=\"Sexul Masculin\" \/><span class=\"wpcf7-list-item-label\">Sexul Masculin<\/span><\/span><\/span><\/span>\n\t<\/p>\n\t<p><strong>2. Date de contact \/ Kontakt Daten \/ Contacts<\/strong>\n\t<\/p>\n\t<p><span class=\"wpcf7-form-control-wrap\" data-name=\"oras\"><input size=\"40\" maxlength=\"400\" class=\"wpcf7-form-control wpcf7-text wpcf7-validates-as-required span12\" aria-required=\"true\" aria-invalid=\"false\" placeholder=\"Orasul de domiciliu \/ Stadt \/ City\" value=\"\" type=\"text\" name=\"oras\" \/><\/span>\n\t<\/p>\n\t<p><span class=\"wpcf7-form-control-wrap\" data-name=\"judet\"><input size=\"40\" maxlength=\"400\" class=\"wpcf7-form-control wpcf7-text wpcf7-validates-as-required span12\" aria-required=\"true\" aria-invalid=\"false\" placeholder=\"Judet \/ Sector \/Grafschaft \/ County\" value=\"\" type=\"text\" name=\"judet\" \/><\/span>\n\t<\/p>\n\t<p><span class=\"wpcf7-form-control-wrap\" data-name=\"adresa\"><input size=\"40\" maxlength=\"400\" class=\"wpcf7-form-control wpcf7-text wpcf7-validates-as-required span12\" aria-required=\"true\" aria-invalid=\"false\" placeholder=\"Strada si Nr. \/ Strasse \/ Street\" value=\"\" type=\"text\" name=\"adresa\" \/><\/span>\n\t<\/p>\n\t<p><span class=\"wpcf7-form-control-wrap\" data-name=\"cod-postal\"><input size=\"40\" maxlength=\"400\" class=\"wpcf7-form-control wpcf7-text span12\" aria-invalid=\"false\" placeholder=\"Codul postal \/ Postleitzahl \/ Postal code\" value=\"\" type=\"text\" name=\"cod-postal\" \/><\/span>\n\t<\/p>\n\t<p><span class=\"wpcf7-form-control-wrap\" data-name=\"your-email\"><input size=\"40\" maxlength=\"400\" class=\"wpcf7-form-control wpcf7-email wpcf7-validates-as-required wpcf7-text wpcf7-validates-as-email span12\" aria-required=\"true\" aria-invalid=\"false\" placeholder=\"Adresa de e-mail \/ E-mail adresse \/ E-mail Adress\" value=\"\" type=\"email\" name=\"your-email\" \/><\/span>\n\t<\/p>\n\t<p><span class=\"wpcf7-form-control-wrap\" data-name=\"telefon-1\"><input size=\"40\" maxlength=\"400\" class=\"wpcf7-form-control wpcf7-text wpcf7-validates-as-required span12\" aria-required=\"true\" aria-invalid=\"false\" placeholder=\"Nr. de telefon #1 \/ Telefonnummer #1 \/ Telephone number #1\" value=\"\" type=\"text\" name=\"telefon-1\" \/><\/span>\n\t<\/p>\n\t<p><span class=\"wpcf7-form-control-wrap\" data-name=\"telefon-2\"><input size=\"40\" maxlength=\"400\" class=\"wpcf7-form-control wpcf7-text span12\" aria-invalid=\"false\" placeholder=\"Nr. de telefon #2 \/ Telefonnummer #2 \/ Telephone number #2\" value=\"\" type=\"text\" name=\"telefon-2\" \/><\/span>\n\t<\/p>\n\t<p><strong>3. Limbi straine \/ Fremdsprachen \/ Languages<\/strong>\n\t<\/p>\n\t<p><span class=\"wpcf7-form-control-wrap\" data-name=\"limbi-straine\"><span class=\"wpcf7-form-control wpcf7-checkbox wpcf7-validates-as-required\"><span class=\"wpcf7-list-item first\"><input type=\"checkbox\" name=\"limbi-straine[]\" value=\"Engleza\" \/><span class=\"wpcf7-list-item-label\">Engleza<\/span><\/span><span class=\"wpcf7-list-item\"><input type=\"checkbox\" name=\"limbi-straine[]\" value=\"Franceza\" \/><span class=\"wpcf7-list-item-label\">Franceza<\/span><\/span><span class=\"wpcf7-list-item\"><input type=\"checkbox\" name=\"limbi-straine[]\" value=\"Germana\" \/><span class=\"wpcf7-list-item-label\">Germana<\/span><\/span><span class=\"wpcf7-list-item\"><input type=\"checkbox\" name=\"limbi-straine[]\" value=\"Italiana\" \/><span class=\"wpcf7-list-item-label\">Italiana<\/span><\/span><span class=\"wpcf7-list-item\"><input type=\"checkbox\" name=\"limbi-straine[]\" value=\"Alta limba\" \/><span class=\"wpcf7-list-item-label\">Alta limba<\/span><\/span><span class=\"wpcf7-list-item last\"><input type=\"checkbox\" name=\"limbi-straine[]\" value=\"Nu cunosc limbi straine\" \/><span class=\"wpcf7-list-item-label\">Nu cunosc limbi straine<\/span><\/span><\/span><\/span>\n\t<\/p>\n\t<p><strong>4. Experienta profesionala \/ Berufserfahrung \/ Professional experience<\/strong>\n\t<\/p>\n\t<p><span class=\"wpcf7-form-control-wrap\" data-name=\"compania\"><input size=\"40\" maxlength=\"400\" class=\"wpcf7-form-control wpcf7-text span12\" aria-invalid=\"false\" placeholder=\"Compania \/ Unternehmen \/ Company\" value=\"\" type=\"text\" name=\"compania\" \/><\/span>\n\t<\/p>\n\t<p><span class=\"wpcf7-form-control-wrap\" data-name=\"domeniul-activitate\"><input size=\"40\" maxlength=\"400\" class=\"wpcf7-form-control wpcf7-text span12\" aria-invalid=\"false\" placeholder=\"Domeniul de activitate \/ T\u00e4tigkeitsfeld \/ Field of work\" value=\"\" type=\"text\" name=\"domeniul-activitate\" \/><\/span>\n\t<\/p>\n\t<p><span class=\"wpcf7-form-control-wrap\" data-name=\"perioada-lucrata\"><input size=\"40\" maxlength=\"400\" class=\"wpcf7-form-control wpcf7-text span12\" aria-invalid=\"false\" placeholder=\"Perioada lucrata \/ Arbeitsperiode \/ Work period\" value=\"\" type=\"text\" name=\"perioada-lucrata\" \/><\/span>\n\t<\/p>\n\t<p><span class=\"wpcf7-form-control-wrap\" data-name=\"functia\"><input size=\"40\" maxlength=\"400\" class=\"wpcf7-form-control wpcf7-text span12\" aria-invalid=\"false\" placeholder=\"Functia detinuta \/ Gehaltete Funktion \/ Position held\" value=\"\" type=\"text\" name=\"functia\" \/><\/span>\n\t<\/p>\n\t<p><span class=\"wpcf7-form-control-wrap\" data-name=\"responsabilitati\"><textarea cols=\"25\" rows=\"5\" maxlength=\"2000\" class=\"wpcf7-form-control wpcf7-textarea span12\" aria-invalid=\"false\" placeholder=\"Responsabilitati \/ Verantwortlichkeiten \/ Responsabilities\" name=\"responsabilitati\"><\/textarea><\/span>\n\t<\/p>\n\t<p><strong>5. Tara unde doriti sa lucrati \/ Wo m\u00f6chten Sie arbeiten \/ Where do you want to work<\/strong>\n\t<\/p>\n\t<p><span class=\"wpcf7-form-control-wrap\" data-name=\"tara\"><span class=\"wpcf7-form-control wpcf7-checkbox wpcf7-validates-as-required\"><span class=\"wpcf7-list-item first\"><input type=\"checkbox\" name=\"tara[]\" value=\"Germania\" \/><span class=\"wpcf7-list-item-label\">Germania<\/span><\/span><span class=\"wpcf7-list-item\"><input type=\"checkbox\" name=\"tara[]\" value=\"Suedia\" \/><span class=\"wpcf7-list-item-label\">Suedia<\/span><\/span><span class=\"wpcf7-list-item\"><input type=\"checkbox\" name=\"tara[]\" value=\"Norvegia\" \/><span class=\"wpcf7-list-item-label\">Norvegia<\/span><\/span><span class=\"wpcf7-list-item\"><input type=\"checkbox\" name=\"tara[]\" value=\"Danemarca\" \/><span class=\"wpcf7-list-item-label\">Danemarca<\/span><\/span><span class=\"wpcf7-list-item\"><input type=\"checkbox\" name=\"tara[]\" value=\"Romania - Sediul IWR\" \/><span class=\"wpcf7-list-item-label\">Romania - Sediul IWR<\/span><\/span><span class=\"wpcf7-list-item last\"><input type=\"checkbox\" name=\"tara[]\" value=\"Alta tara\" \/><span class=\"wpcf7-list-item-label\">Alta tara<\/span><\/span><\/span><\/span>\n\t<\/p>\n\t<p><strong>6. Detineti masina personala pentru a va deplasa la munca? \/ Besitzen Sie ein pers\u00f6nliches Auto, um zur Arbeit zu gehen? \/ Do you have a personal car to go to work?<\/strong>\n\t<\/p>\n\t<p><span class=\"wpcf7-form-control-wrap\" data-name=\"masina\"><span class=\"wpcf7-form-control wpcf7-checkbox wpcf7-validates-as-required\"><span class=\"wpcf7-list-item first\"><input type=\"checkbox\" name=\"masina[]\" value=\"Da, detin!\" \/><span class=\"wpcf7-list-item-label\">Da, detin!<\/span><\/span><span class=\"wpcf7-list-item last\"><input type=\"checkbox\" name=\"masina[]\" value=\"Nu, nu am!\" \/><span class=\"wpcf7-list-item-label\">Nu, nu am!<\/span><\/span><\/span><\/span>\n\t<\/p>\n\t<p style=\"color: #CC0000;\">Important! Completarea formularului nu va obliga la nimic. Dupa trimiterea acestuia, ve-ti fi contactat de catre unul dintre specialisti nostri. Va rugam sa aveti pregatita o copie a cartii de identitate si a diplomelor de studii - daca detineti una.\n\t<\/p>\n\t<p>\n\t\n\t<\/p>\n\t<p class=\"text-left\"><input class=\"wpcf7-form-control wpcf7-submit has-spinner btn\" type=\"submit\" value=\"Trimite\" \/>\n\t<\/p>\n<\/fieldset><div class=\"wpcf7-response-output\" aria-hidden=\"true\"><\/div>\n<\/form>\n<\/div>\n[\/vc_column][\/vc_row]<\/p>\n<\/div>","protected":false},"excerpt":{"rendered":"<p>[vc_row][vc_column][vc_column_text]Suchen Sie nach einem Job? M\u00f6chten Sie einen besseren Job haben? Reichen sie Ihren Lebenslauf f\u00fcr die besten Jobs ein. IWR hilft Ihnen in der Suche nach einem besseren Job und wird demgem\u00e4ss zum Partner in der Entwicklung, die Sie sich f\u00fcr die Karriere w\u00fcnschen. IWR verf\u00fcgt \u00fcber Arbeitsangebote in den verschiedensten Aktivit\u00e4tsbereichen und selektiert [&hellip;]<\/p>\n","protected":false},"author":1,"featured_media":0,"parent":0,"menu_order":0,"comment_status":"closed","ping_status":"closed","template":"","meta":{"footnotes":""},"class_list":["post-234","page","type-page","status-publish","hentry"],"_links":{"self":[{"href":"https:\/\/www.iwr.ro\/de\/wp-json\/wp\/v2\/pages\/234","targetHints":{"allow":["GET"]}}],"collection":[{"href":"https:\/\/www.iwr.ro\/de\/wp-json\/wp\/v2\/pages"}],"about":[{"href":"https:\/\/www.iwr.ro\/de\/wp-json\/wp\/v2\/types\/page"}],"author":[{"embeddable":true,"href":"https:\/\/www.iwr.ro\/de\/wp-json\/wp\/v2\/users\/1"}],"replies":[{"embeddable":true,"href":"https:\/\/www.iwr.ro\/de\/wp-json\/wp\/v2\/comments?post=234"}],"version-history":[{"count":4,"href":"https:\/\/www.iwr.ro\/de\/wp-json\/wp\/v2\/pages\/234\/revisions"}],"predecessor-version":[{"id":369,"href":"https:\/\/www.iwr.ro\/de\/wp-json\/wp\/v2\/pages\/234\/revisions\/369"}],"wp:attachment":[{"href":"https:\/\/www.iwr.ro\/de\/wp-json\/wp\/v2\/media?parent=234"}],"curies":[{"name":"wp","href":"https:\/\/api.w.org\/{rel}","templated":true}]}}