{"id":236,"date":"2017-08-09T21:01:15","date_gmt":"2017-08-09T19:01:15","guid":{"rendered":"http:\/\/www.iwr.ro\/angajatori\/"},"modified":"2018-03-22T17:58:35","modified_gmt":"2018-03-22T15:58:35","slug":"arbeitgeber","status":"publish","type":"page","link":"https:\/\/www.iwr.ro\/de\/arbeitgeber\/","title":{"rendered":"Arbeitgeber"},"content":{"rendered":"<div class=\"wpb-content-wrapper\"><p>[vc_row][vc_column width=&#8220;1\/3&#8243;]<p class=\"text-center\"><a class=\"btn btn-default btn-normal\" href=\"#recrutare-personal\" target=\"\">Rekrutuieren<\/a><\/p>[\/vc_column][vc_column width=&#8220;1\/3&#8243;]<p class=\"text-center\"><a class=\"btn btn-default btn-normal\" href=\"#leasing-personal\" target=\"\">Leasing<\/a><\/p>[\/vc_column][vc_column width=&#8220;1\/3&#8243;]<p class=\"text-center\"><a class=\"btn btn-default btn-normal\" href=\"#head-hunting\" target=\"\">Abwerbung<\/a><\/p>[\/vc_column][\/vc_row][vc_row el_id=&#8220;recrutare-personal&#8220;][vc_column][vc_column_text]<\/p>\n<h6 class=\"widget-title\">Rekrutierung, Auswahl und Vermittlung ins Ausland zu den Arbeitgebern<\/h6>\n<p>Wenn Sie sich f\u00fcr eine Zusammenarbeit mit der IWR entscheiden, setzt das voraus, dass Sie einen Auftrag unterschreiben, aufgrund dessen die Vertragsbedingungen vereinbart werden.<\/p>\n<p style=\"text-align: justify;\">Diese beinhalten:<\/p>\n<ul>\n<li>Den Auftragsdauer<\/li>\n<li>Die Verpflichtungen der IWR und des Gesch\u00e4ftspartners gem\u00e4ss dem g\u00fcltigen Arbeitsrecht<\/li>\n<li>Vertraulichkeit, Geb\u00fchren und Arbeitsweise, von beiden Parteien genehmigt<\/li>\n<\/ul>\n<p>Der Auftragsdauer unterscheidet sich von Fall zu Fall, wobei verschiedene Aspekte, einschliesslich der Verhandlung zwischen den Vertragsparteien, betrachtet werden. Beim Normalablauf des Auftrags erhalten Sie in k\u00fcrzester Zeit einen schriftlichen Bericht bez\u00fcglich den Kandidaten, die Ihren Anspr\u00fcchen entsprechen.<\/p>\n<p><strong>Vorteile der Rekrutierungsarbeit<\/strong> in Zusammenarbeit mit der IWR bestehen aus:<\/p>\n<ul>\n<li>Genauere Beschreibung des Kandidatenprofils, der Aufgaben und der Einstellungsbedingungen gem\u00e4ss der rum\u00e4nischen Gesetzgebung \/ europ\u00e4ischen Gesetzgebung<\/li>\n<li>Vertragsvereinbarung mit den Personen, die den Bedingungen der Kunden entsprechen<\/li>\n<li>Abwicklung der Vorstellungsgespr\u00e4che und der psychologischen Tests (erfolgen nur auf Anfrage des Arbeitgebers)<\/li>\n<li>Bewertung der Lebensl\u00e4ufe, der Pers\u00f6nlichkeitsteste und der gesammelten Daten, Referenzen<\/li>\n<li>Empfehlungsschreiben der Bewerber \u2013 Kurzliste<\/li>\n<li>Einplanung der Vorstellungsgespr\u00e4che wenn der Arbeitgeber ein im Voraus vereinbartes Vorstellungsart zwecks Einstellung benutzen m\u00f6chte (Begegnung von Angesicht zu Angesicht, wenn m\u00f6glich, am Telefon, durch \u00a0Video-Anruf, usw.)<\/li>\n<li>Unterst\u00fctzung in der Auswahl des besten Bewerbers oder der meist geeigneten Bewerber je nach Bedarf und T\u00e4tigkeitsbereich des Arbeitgebers<\/li>\n<li>Hilfeleistung f\u00fcr den Kunden und Zur-Verf\u00fcgung-Stellung notwendiger Unterlagen wegen Unterschreibung des Arbeitsvertrags<\/li>\n<\/ul>\n<p>Die Rekrutierungs-Kriterien werden in Zusammenarbeit mit den Kunden festgelegt und bezielen vor allem die Fachkompetenzen, die Erfahrung, sowie das Entwicklungspotential des Kandidaten.<\/p>\n<p>Die Rekrutierungsdauer erstreckt sich nach dem Bedarf des Arbeitgebers, beginnt ab der Unterschreibung des Dienstleistungsvertrags und endet mit der Vermittlung der Bewerber ins Ausland.<\/p>\n<p>Der Rekrutierungsprozess erfolgt nur nach Erhalt des festen Jobauftrags \/ der Jobauftr\u00e4ge.<\/p>\n<p>Der verbindliche Auftrag soll vom Kunden unterschrieben und abgestempelt sein und beinhaltet zwingend folgende Elemente:<\/p>\n<ul>\n<li>Auftragsdauer im Ausland<\/li>\n<li>W\u00e4hrung, in der der Arbeitsnehmer bezahlt wird, sowie die Zahlungsart<\/li>\n<li>Geldleistungen \/oder Sachleistungen, die der Aktivit\u00e4t im Ausland entsprechen<\/li>\n<li>Klimabedingungen<\/li>\n<li>Hauptregelungen der Arbeitsgesetzgebung des betreffenden Landes<\/li>\n<\/ul>\n<p><strong>Die Auswahl erfolgt gem\u00e4ss den Eigenschaften des Jobs und laut den Bedingungen des Kunden, nach spezifischer Preisunterbietung.<\/strong> Der Auswahl-Prozess beinhaltet folgende Aktivit\u00e4ten:<\/p>\n<ul>\n<li>Vorstellungsgespr\u00e4ch und Unterbreitung der Tests an die Bewerber, einschliesslich der Bewertung des Bewerbers<\/li>\n<li>Darstellung der Bewerber<\/li>\n<li>Darstellung der Bewerber-Profile \u2013 Kurzliste<\/li>\n<li>Verfolgung, wie sie sich in das Unternehmen integrieren<\/li>\n<\/ul>\n<p>Die Bewertung der Bewerber besteht in der Bewertung der Fachkompetenzen und erfolgt je nach dem angestrebten Job, indem sie die Anwendung spezifischer Mittel einsetzt:<\/p>\n<ul>\n<li>Fachliche Fragebogen<\/li>\n<li>Tests und Fragebogen bez\u00fcglich den allgemeinen und spezifischen Begabungen<\/li>\n<li>Bewertung psycho-individueller Eigenschaften<\/li>\n<li>Jeder Bewerber erh\u00e4lt ein ihm entsprechendes Profil, wobei die f\u00fcr den erzielten Job relevanten Eigenschaften betont werden<\/li>\n<li>Bewertung der Anpassungsf\u00e4higkeit des Bewerbers in die Struktur und Unternehmenskultur<\/li>\n<\/ul>\n<p><strong>OBS<\/strong> &#8211; Zweck des Rekrutierungsprozesses f\u00fcr Rekrutierung hierzulande und f\u00fcrs Ausland.<\/p>\n<p><strong>Geheimhaltung und Ausschlie\u00dflichkeitsvereinbarung<\/strong><\/p>\n<p>Das Fachverh\u00e4ltnis mit den Kunden setzt Geheimhaltung und gegenseitiges Vertrauen voraus. Infolge einer Auftragsunterschreibung verpflichtet sich der Kunde, keine andere Konsultanzfirma f\u00fcr Personal-Rekrutierung f\u00fcr denselben Job anzustellen und keine direkte Rekrutierungsmassnahmen zu ergreifen.[\/vc_column_text][\/vc_column][\/vc_row][vc_row][vc_column][vc_single_image image=&#8220;351&#8243; img_size=&#8220;full&#8220;][\/vc_column][\/vc_row][vc_row el_id=&#8220;leasing-personal&#8220;][vc_column][vc_column_text]<\/p>\n<h6 class=\"widget-title\">Personal-Leasing \u2013 vor\u00fcbergehende Arbeit<\/h6>\n<p>IWR handelt wie eine befugte Personal-Leasing Firma \/ Firma f\u00fcr tempor\u00e4re Arbeit.<\/p>\n<p>Das Personal-Leasing wird oft verwendet f\u00fcr:<\/p>\n<ul>\n<li>Saisoneinstellungen im turistischen Bereich oder im Bauwesen<\/li>\n<li>projektbezogene Einstellungen<\/li>\n<li>Wenn die Firma Einstellungsbeschr\u00e4nkungen aufweist, aber gleichzeitig neue Projekte abwickelt und neue Gruppenmitglieder braucht<\/li>\n<\/ul>\n<p>Das Personal-Leasing ist die beste L\u00f6sung zur Beschaffung einer Dienstleistung und setzt das Bestehen keinerlei Angestellten in den Firmenunterlagen voraus.<\/p>\n<ul>\n<li>Wenn Sie die Probleme bez\u00fcglich der Personalverwaltung und die damit verbundenen Verantwortungen entgehen m\u00f6chten<\/li>\n<li>Wenn Sie auf einen neuen Markt Eingang schaffen m\u00f6chten und nicht 100% sicher sind, dass die neue Idee oder das neue Gesch\u00e4ft erfolgreich wird<\/li>\n<\/ul>\n<p>Das Personal-Leasing gew\u00e4hrt am Anfang ein beschr\u00e4nktes Risiko und erlaubt die Personaleinstellung nur wenn Sie ein bereits sicheres Gesch\u00e4ft aufweisen.<\/p>\n<p>IWR rekrutiert und stellt die notwendigen Arbeitskr\u00e4fte f\u00fcr Sie und kann diese zu den gew\u00fcnschten Stellen innerhalb Ihrer Firma setzen.<\/p>\n<p>Wir tragen Verantwortung f\u00fcr alle rechtlichen Probleme, Unterlagen, Verwaltung und Zahlungsvorgang der Angestellten und versichern deren Ersatz bei Bedarf.<\/p>\n<p>Gleichzeitig sind wir f\u00fcr die Bezahlung der Abgaben nach jedem Angestellten verantwortlich.<\/p>\n<p>Vorteile des Personal-Leasings \/ der Dienstleistungen f\u00fcr Zeitarbeit<\/p>\n<ul>\n<li>Minderung der blokierten Ressourcen und der Ausgaben f\u00fcr Personal-Rekrutierung<\/li>\n<li>Entlastung der Verwaltungsaufgaben seitens des zeitlichen Personal-Lieferanten<\/li>\n<li>Lohnauslagerung, Auslagerung des j\u00e4hrlichen Finanzberichts und der Versicherung des Arbeitnehmers<\/li>\n<\/ul>\n<p>&nbsp;<\/p>\n<h6 class=\"widget-title\">Bedingungen der Zusammenarbeit mit der IWR<\/h6>\n<ul>\n<li>Unterschreibung des<strong> Standard Zusammenarbeitsvertrags f\u00fcr Zeitarbeit<\/strong> und des <strong>Kundenauftrags<\/strong><\/li>\n<li>Unterzeichnung eines Werkvertrags mit dem erw\u00e4hlten Bewerber<\/li>\n<li>Monatliche Berechnung und Bezahlung \u2013 die Rechnung beinhaltet den Bruttolohn des Angestellten und die Pflichtabgaben zur Sozialversicherung, Versicherungsfirmen und anderer Ausgaben, die zur Person des Angestellten geh\u00f6ren und vom Arbeitgeber zu bezahlen sind<\/li>\n<\/ul>\n<p>[\/vc_column_text][\/vc_column][\/vc_row][vc_row el_id=&#8220;head-hunting&#8220;][vc_column][vc_column_text]<\/p>\n<h6><\/h6>\n<h6 class=\"widget-title\">Personalvermittlung<\/h6>\n<p>Die Abwerbung bezieht sich auf den Verkauf einer Karrierem\u00f6glichkeit. Sie weist eine Vermittlungstechnik einer Person durch direkte, gezielte Suche auf.<\/p>\n<p>&nbsp;<\/p>\n<p>Personen mit einer bestimmten Position, Erfahrung oder fester Karriere und aussergew\u00f6hnlichen Ergebnissen in einem bestimmten Bereich werden angewerbt.<\/p>\n<p>&nbsp;<\/p>\n<p>Es setzt ein ziemlich arbeitsintensives Verfahren voraus, das vorherige Untersuchungen zur Identifizierung der entsprechenden Person oder Personen f\u00fcr die bestimmten Arbeitsbedingungen voraussetzt, laut dem eine Reihe Verfahren, beginnend mit dem direkten Ansprechen der Personen, bis zur Motivierung f\u00fcr den bestimmten Job, durchgegangen werden.<\/p>\n<p>&nbsp;<\/p>\n<p>Zur Zeit weist dieser autochtone Markt einen Aufschwung auf, den die Gesch\u00e4ftsleute nicht nur erhalten, sondern mittels g\u00fcnstigem Konjuktur des Raumes und des Zeitraumes auch verbessern m\u00f6chten.[\/vc_column_text][\/vc_column][\/vc_row]<\/p>\n<\/div>","protected":false},"excerpt":{"rendered":"<p>[vc_row][vc_column width=&#8220;1\/3&#8243;][\/vc_column][vc_column width=&#8220;1\/3&#8243;][\/vc_column][vc_column width=&#8220;1\/3&#8243;][\/vc_column][\/vc_row][vc_row el_id=&#8220;recrutare-personal&#8220;][vc_column][vc_column_text] Rekrutierung, Auswahl und Vermittlung ins Ausland zu den Arbeitgebern Wenn Sie sich f\u00fcr eine Zusammenarbeit mit der IWR entscheiden, setzt das voraus, dass Sie einen Auftrag unterschreiben, aufgrund dessen die Vertragsbedingungen vereinbart werden. Diese beinhalten: Den Auftragsdauer Die Verpflichtungen der IWR und des Gesch\u00e4ftspartners gem\u00e4ss dem g\u00fcltigen Arbeitsrecht Vertraulichkeit, Geb\u00fchren [&hellip;]<\/p>\n","protected":false},"author":1,"featured_media":0,"parent":0,"menu_order":0,"comment_status":"closed","ping_status":"closed","template":"","meta":{"footnotes":""},"class_list":["post-236","page","type-page","status-publish","hentry"],"_links":{"self":[{"href":"https:\/\/www.iwr.ro\/de\/wp-json\/wp\/v2\/pages\/236","targetHints":{"allow":["GET"]}}],"collection":[{"href":"https:\/\/www.iwr.ro\/de\/wp-json\/wp\/v2\/pages"}],"about":[{"href":"https:\/\/www.iwr.ro\/de\/wp-json\/wp\/v2\/types\/page"}],"author":[{"embeddable":true,"href":"https:\/\/www.iwr.ro\/de\/wp-json\/wp\/v2\/users\/1"}],"replies":[{"embeddable":true,"href":"https:\/\/www.iwr.ro\/de\/wp-json\/wp\/v2\/comments?post=236"}],"version-history":[{"count":6,"href":"https:\/\/www.iwr.ro\/de\/wp-json\/wp\/v2\/pages\/236\/revisions"}],"predecessor-version":[{"id":359,"href":"https:\/\/www.iwr.ro\/de\/wp-json\/wp\/v2\/pages\/236\/revisions\/359"}],"wp:attachment":[{"href":"https:\/\/www.iwr.ro\/de\/wp-json\/wp\/v2\/media?parent=236"}],"curies":[{"name":"wp","href":"https:\/\/api.w.org\/{rel}","templated":true}]}}