{"id":238,"date":"2017-08-09T21:02:12","date_gmt":"2017-08-09T19:02:12","guid":{"rendered":"http:\/\/www.iwr.ro\/despre-agentie\/"},"modified":"2018-03-22T18:00:36","modified_gmt":"2018-03-22T16:00:36","slug":"ueber-uns","status":"publish","type":"page","link":"https:\/\/www.iwr.ro\/de\/ueber-uns\/","title":{"rendered":"\u00dcber uns"},"content":{"rendered":"<div class=\"wpb-content-wrapper\"><p>[vc_row][vc_column][vc_column_text]<\/p>\n<h6 class=\"widget-title\">IWR &#8211; International Work &amp; Recruitment<\/h6>\n<p>IWR SRL (GmbH) ist eine Firma, die sich um Personalrekrutierung und Personalvermittlung f\u00fcr unsere Partener und Kunden k\u00fcmmert, und zu allen, weltweit bestehenden Jobs Zugang bietet.<\/p>\n<p>Unsere Aktivit\u00e4t umarmt das Gebiet der Humanressourcen, einschliesslich Personalvermittlung, Beratung, Abwerbungsdienstleistungen (executive search), Personal-Leasing und Fortbildung von Personal.<\/p>\n<p>Unser Firmenpersonal ist jung, dynamisch und vor allem von diesem Bereich begeistert, das uns auf die Idee bringt, dass wir zu neuen Ideen offen und bereit sind, kreativste L\u00f6sungen auf Ihre Probleme anzubieten.<\/p>\n<p>Das Unternehmenskonzept besteht darin, dass den Interessierenden eine Arbeitsm\u00f6glichkeit auf unterschiedlichen Bereichen gewidmet, inklusiv den Personen, die nicht ausreichende Arbeitserfahrung aufweisen.<\/p>\n<p>Unsere Bewerber haben die M\u00f6glichkeit zur Einstellung auf verschiedenen Gebieten, wie beispielsweise auf medizinischem, industriellem, wirtschaftlichem Gebiet, Hotelgewerbe,Transport, Kommunikation, Landwirtschaft, IT, Bauwesen, Lehramt und vielen andere.<\/p>\n<p>Wir nehmen uns vor, in m\u00f6glichst k\u00fcrzester Zeit ab der Registrierung der Kandidaten in unser System, einen, ihrem Fachgebiet und Kenntnissen geeigneten Job anzubieten.<\/p>\n<p>IWR verf\u00fcgt \u00fcber eine Akkreditierungszulassung vom Arbeitsministerium und ist eine selbsst\u00e4ndige Firma mit 100% -igem rum\u00e4nischen Kapital.<\/p>\n<p>Wir sind stolz darauf, dass wir glaubw\u00fcrdiger und richtiger Partner vieler Firmen sind. Wir glauben an langfristigen Partnerschaften und wissen, dass es professionelle und qualitative Dienstleistungen angew\u00fcnscht sind, umso mehr, weil dadurch sowohl die Kunden als auch die von uns rekrutierten Personen zufriedengestellt sind.<\/p>\n<p>Der von uns eingeschlagene Weg verpflichtet uns zur respektvoller und aufrichtiger Behandlung unserer Partner und des rekrutierten Personals.<\/p>\n<p>&nbsp;<\/p>\n<h6 class=\"widget-title\">Was heisst REKRUTIERUNG?<\/h6>\n<p>Die Rekrutierung ist eine Suchaktivit\u00e4t und Anziehung einer Gruppe f\u00e4higer und interessierter Personen f\u00fcr die Bedeckung freier Stellen, einer auserw\u00e4hlten Gruppe, woraus die idealen Kandidaten entstammen, die dann f\u00fcr diese Jobs entsprechen.<\/p>\n<p>&nbsp;<\/p>\n<h6 class=\"widget-title\">Was bietet IWR<\/h6>\n<p>Als Rekrutierungsfirma mit\u00a0 erfahrenem Fachpersonal, bieten wir hochwertige Dienstleistungen im Gebiet der Humanressourcen, des Personalmanagements, der psychologischen Auswertung, sodass wir sowohl den Bewerbern als auch den Arbeitgebern einen Dienst zur Verf\u00fcgung stellen.<\/p>\n<p>Mit unserer Hilfe finden Sie den seit langem angestrebten Job, da wir die verschiedensten Aktivit\u00e4tenbereiche zur Verf\u00fcgung stellen, sodass der Bewerber dann ausw\u00e4hlt, was ihm am meisten passt, je nach der Ausbildung und der erworbenen Erfahrung.<\/p>\n<p>&nbsp;<\/p>\n<p>F\u00fcr Details oder Fragen wenden Sie sich bitte an uns![\/vc_column_text][\/vc_column][\/vc_row]<\/p>\n<\/div>","protected":false},"excerpt":{"rendered":"<p>[vc_row][vc_column][vc_column_text] IWR &#8211; International Work &amp; Recruitment IWR SRL (GmbH) ist eine Firma, die sich um Personalrekrutierung und Personalvermittlung f\u00fcr unsere Partener und Kunden k\u00fcmmert, und zu allen, weltweit bestehenden Jobs Zugang bietet. Unsere Aktivit\u00e4t umarmt das Gebiet der Humanressourcen, einschliesslich Personalvermittlung, Beratung, Abwerbungsdienstleistungen (executive search), Personal-Leasing und Fortbildung von Personal. Unser Firmenpersonal ist jung, [&hellip;]<\/p>\n","protected":false},"author":1,"featured_media":0,"parent":0,"menu_order":0,"comment_status":"closed","ping_status":"closed","template":"","meta":{"footnotes":""},"class_list":["post-238","page","type-page","status-publish","hentry"],"_links":{"self":[{"href":"https:\/\/www.iwr.ro\/de\/wp-json\/wp\/v2\/pages\/238","targetHints":{"allow":["GET"]}}],"collection":[{"href":"https:\/\/www.iwr.ro\/de\/wp-json\/wp\/v2\/pages"}],"about":[{"href":"https:\/\/www.iwr.ro\/de\/wp-json\/wp\/v2\/types\/page"}],"author":[{"embeddable":true,"href":"https:\/\/www.iwr.ro\/de\/wp-json\/wp\/v2\/users\/1"}],"replies":[{"embeddable":true,"href":"https:\/\/www.iwr.ro\/de\/wp-json\/wp\/v2\/comments?post=238"}],"version-history":[{"count":5,"href":"https:\/\/www.iwr.ro\/de\/wp-json\/wp\/v2\/pages\/238\/revisions"}],"predecessor-version":[{"id":361,"href":"https:\/\/www.iwr.ro\/de\/wp-json\/wp\/v2\/pages\/238\/revisions\/361"}],"wp:attachment":[{"href":"https:\/\/www.iwr.ro\/de\/wp-json\/wp\/v2\/media?parent=238"}],"curies":[{"name":"wp","href":"https:\/\/api.w.org\/{rel}","templated":true}]}}