{"id":241,"date":"2017-08-08T23:47:12","date_gmt":"2017-08-08T21:47:12","guid":{"rendered":"http:\/\/www.iwr.ro\/acasa\/"},"modified":"2018-03-22T18:02:46","modified_gmt":"2018-03-22T16:02:46","slug":"acasa","status":"publish","type":"page","link":"https:\/\/www.iwr.ro\/de\/","title":{"rendered":"Home"},"content":{"rendered":"<div class=\"wpb-content-wrapper\"><p>[vc_row full_width=&#8220;stretch_row_content_no_spaces&#8220;][vc_column][vc_row_inner equal_height=&#8220;yes&#8220;][vc_column_inner width=&#8220;2\/3&#8243; css=&#8220;.vc_custom_1521734517180{background-image: url(https:\/\/www.iwr.ro\/wp-content\/uploads\/iwr-header-min.jpg?id=321) !important;background-position: center !important;background-repeat: no-repeat !important;background-size: cover !important;}&#8220; offset=&#8220;vc_hidden-xs&#8220;][\/vc_column_inner][vc_column_inner width=&#8220;1\/3&#8243; css=&#8220;.vc_custom_1502634640008{background-color: #000000 !important;}&#8220;][vc_column_text css=&#8220;.vc_custom_1503693425742{padding-top: 10px !important;padding-left: 50px !important;}&#8220;]<\/p>\n<h1 class=\"iwr\">IWR<\/h1>\n<h2 class=\"iwr-1\">INTERNATIONAL<br \/>\nWORK &amp;<br \/>\nRECRUITMENT<br \/>\nAGENCY<\/h2>\n<h3 class=\"iwr-2\">Rekrutierungsagentur<br \/>\nvon der Belegschaft f\u00fcr Arbeitgeber<\/h3>\n<p>[\/vc_column_text][\/vc_column_inner][\/vc_row_inner][\/vc_column][\/vc_row][vc_row css=&#8220;.vc_custom_1502642407638{margin-top: 70px !important;}&#8220;][vc_column width=&#8220;1\/3&#8243;]<div class=\"icon-box-1\"><i class=\"ifc-fantasy\"><\/i><div class=\"icon-box-content\"><h4><a href=\"\/de\/arbeitgeber\/#personaldienstleistung\" target=\"\">Personaleinstellung<\/a><\/h4><p>IWR unterst\u00fctzt Ihre Aktivit\u00e4t und \u00fcbernimmt die Einstellungsaufgaben und die Personalauswahl. Unsere Dienstleistungen verleihen Ihrer Firma zus\u00e4tzliche Lebhaftigkeit, indem wir Ihnen Dienstleistungen Qualit\u00e4t liefern.<\/p>\n<h6><a href=\"\/de\/arbeitgeber\/#personaldienstleistung\" target=\"\"><em>erfahren Sie mehr dar\u00fcber<\/em> <i class=\"fa fa-angle-right\"><\/i><\/a><\/h6><\/div><\/div>[\/vc_column][vc_column width=&#8220;1\/3&#8243;]<div class=\"icon-box-1\"><i class=\"ifc-clock\"><\/i><div class=\"icon-box-content\"><h4><a href=\"\/de\/arbeitgeber\/#leasing-personal\" target=\"\">Personal-Leasing<\/a><\/h4><p>Die Idee der Personal-Leasing ist eine professionelle und wirksame L\u00f6sung zur Deckung des Personalmangels w\u00e4hrend den besch\u00e4ftigten Arbeitszeitr\u00e4umen oder zwecks der Vertretung auf beschr\u00e4nkter Zeit.<\/p>\n<h6><a href=\"\/de\/arbeitgeber\/#leasing-personal\" target=\"\"><em>erfahren Sie mehr dar\u00fcber<\/em> <i class=\"fa fa-angle-right\"><\/i><\/a><\/h6><\/div><\/div>[\/vc_column][vc_column width=&#8220;1\/3&#8243;]<div class=\"icon-box-1\"><i class=\"icon-layers\"><\/i><div class=\"icon-box-content\"><h4><a href=\"\/de\/arbeitgeber\/#abwerbung\" target=\"\">Abwerbung<\/a><\/h4><p>Die Abwerbungsdienstleistungen sind auch unter dem Namen \u201eexecutive search\u201c bekannt, da diese Dienstleistung in der \u00a0Rekrutierung und Auswahl des Middle- bis zum Toppersonals aus verschiedenen Aktivit\u00e4tenbereichen besteht.<\/p>\n<h6><a href=\"\/de\/arbeitgeber\/#abwerbung\" target=\"\"><em>erfahren Sie mehr dar\u00fcber<\/em> <i class=\"fa fa-angle-right\"><\/i><\/a><\/h6><\/div><\/div>[\/vc_column][\/vc_row][vc_row full_width=&#8220;stretch_row_content_no_spaces&#8220; equal_height=&#8220;yes&#8220; content_placement=&#8220;middle&#8220; css=&#8220;.vc_custom_1502262092492{background-color: #000000 !important;}&#8220; font_color=&#8220;#ffffff&#8220; el_id=&#8220;bg-2&#8243;][vc_column width=&#8220;2\/3&#8243; css=&#8220;.vc_custom_1502648894643{padding-bottom: 50px !important;padding-left: 50px !important;}&#8220;][vc_column_text css=&#8220;.vc_custom_1503695586721{padding-top: 50px !important;padding-right: 150px !important;padding-bottom: 50px !important;}&#8220;]<\/p>\n<h1><strong>Auf der Suche nach einem neuen Job?<\/strong><\/h1>\n<p>&nbsp;<\/p>\n<p>IWR bietet dir weltweiten Zugang zu allen bestehenden Jobs.[\/vc_column_text]<p class=\"text-left\"><a class=\"btn btn-default btn-large\" href=\"\/de\/bewerber\/\" target=\"\">Jetzt bewerben<\/a><\/p>[\/vc_column][vc_column width=&#8220;1\/3&#8243; css=&#8220;.vc_custom_1521734549358{background-image: url(https:\/\/www.iwr.ro\/wp-content\/uploads\/iwr-join-now-min.jpg?id=320) !important;background-position: center !important;background-repeat: no-repeat !important;background-size: cover !important;}&#8220; offset=&#8220;vc_hidden-xs&#8220;][\/vc_column][\/vc_row]<\/p>\n<\/div>","protected":false},"excerpt":{"rendered":"<p>[vc_row full_width=&#8220;stretch_row_content_no_spaces&#8220;][vc_column][vc_row_inner equal_height=&#8220;yes&#8220;][vc_column_inner width=&#8220;2\/3&#8243; css=&#8220;.vc_custom_1521734517180{background-image: url(https:\/\/www.iwr.ro\/wp-content\/uploads\/iwr-header-min.jpg?id=321) !important;background-position: center !important;background-repeat: no-repeat !important;background-size: cover !important;}&#8220; offset=&#8220;vc_hidden-xs&#8220;][\/vc_column_inner][vc_column_inner width=&#8220;1\/3&#8243; css=&#8220;.vc_custom_1502634640008{background-color: #000000 !important;}&#8220;][vc_column_text css=&#8220;.vc_custom_1503693425742{padding-top: 10px !important;padding-left: 50px !important;}&#8220;] IWR INTERNATIONAL WORK &amp; RECRUITMENT AGENCY Rekrutierungsagentur von der Belegschaft f\u00fcr Arbeitgeber [\/vc_column_text][\/vc_column_inner][\/vc_row_inner][\/vc_column][\/vc_row][vc_row css=&#8220;.vc_custom_1502642407638{margin-top: 70px !important;}&#8220;][vc_column width=&#8220;1\/3&#8243;][\/vc_column][vc_column width=&#8220;1\/3&#8243;][\/vc_column][vc_column width=&#8220;1\/3&#8243;][\/vc_column][\/vc_row][vc_row full_width=&#8220;stretch_row_content_no_spaces&#8220; equal_height=&#8220;yes&#8220; content_placement=&#8220;middle&#8220; css=&#8220;.vc_custom_1502262092492{background-color: #000000 !important;}&#8220; font_color=&#8220;#ffffff&#8220; el_id=&#8220;bg-2&#8243;][vc_column width=&#8220;2\/3&#8243; css=&#8220;.vc_custom_1502648894643{padding-bottom: 50px !important;padding-left: 50px [&hellip;]<\/p>\n","protected":false},"author":1,"featured_media":0,"parent":0,"menu_order":0,"comment_status":"closed","ping_status":"closed","template":"","meta":{"footnotes":""},"class_list":["post-241","page","type-page","status-publish","hentry"],"_links":{"self":[{"href":"https:\/\/www.iwr.ro\/de\/wp-json\/wp\/v2\/pages\/241","targetHints":{"allow":["GET"]}}],"collection":[{"href":"https:\/\/www.iwr.ro\/de\/wp-json\/wp\/v2\/pages"}],"about":[{"href":"https:\/\/www.iwr.ro\/de\/wp-json\/wp\/v2\/types\/page"}],"author":[{"embeddable":true,"href":"https:\/\/www.iwr.ro\/de\/wp-json\/wp\/v2\/users\/1"}],"replies":[{"embeddable":true,"href":"https:\/\/www.iwr.ro\/de\/wp-json\/wp\/v2\/comments?post=241"}],"version-history":[{"count":11,"href":"https:\/\/www.iwr.ro\/de\/wp-json\/wp\/v2\/pages\/241\/revisions"}],"predecessor-version":[{"id":362,"href":"https:\/\/www.iwr.ro\/de\/wp-json\/wp\/v2\/pages\/241\/revisions\/362"}],"wp:attachment":[{"href":"https:\/\/www.iwr.ro\/de\/wp-json\/wp\/v2\/media?parent=241"}],"curies":[{"name":"wp","href":"https:\/\/api.w.org\/{rel}","templated":true}]}}